{"id":1355,"date":"2024-12-05T19:23:03","date_gmt":"2024-12-05T08:23:03","guid":{"rendered":"https:\/\/staging.neodyme.nc\/?page_id=1355"},"modified":"2025-03-11T11:32:55","modified_gmt":"2025-03-11T00:32:55","slug":"nos-offre-d-emplois","status":"publish","type":"page","link":"https:\/\/neodyme.nc\/index.php\/nos-offre-d-emplois\/","title":{"rendered":"Nos offre d&#8217;emplois"},"content":{"rendered":"\t\t<div data-elementor-type=\"wp-page\" data-elementor-id=\"1355\" class=\"elementor elementor-1355\" data-elementor-post-type=\"page\">\n\t\t\t\t<div class=\"elementor-element elementor-element-7674380b e-flex e-con-boxed e-con e-parent\" data-id=\"7674380b\" data-element_type=\"container\" data-e-type=\"container\" data-settings=\"{&quot;background_background&quot;:&quot;slideshow&quot;,&quot;background_slideshow_gallery&quot;:[{&quot;id&quot;:1757,&quot;url&quot;:&quot;https:\\\/\\\/staging.neodyme.nc\\\/wp-content\\\/uploads\\\/2024\\\/12\\\/12.5x10-scaled.webp&quot;}],&quot;background_slideshow_loop&quot;:&quot;yes&quot;,&quot;background_slideshow_slide_duration&quot;:5000,&quot;background_slideshow_slide_transition&quot;:&quot;fade&quot;,&quot;background_slideshow_transition_duration&quot;:500}\">\n\t\t\t\t\t<div class=\"e-con-inner\">\n\t\t\t\t\t<\/div>\n\t\t\t\t<\/div>\n\t\t<div class=\"elementor-element elementor-element-34f86e34 e-flex e-con-boxed e-con e-parent\" data-id=\"34f86e34\" data-element_type=\"container\" data-e-type=\"container\">\n\t\t\t\t\t<div class=\"e-con-inner\">\n\t\t<div class=\"elementor-element elementor-element-26895c7d e-con-full e-flex e-con e-child\" data-id=\"26895c7d\" data-element_type=\"container\" data-e-type=\"container\">\n\t\t<div class=\"elementor-element elementor-element-fb7e1cf e-flex e-con-boxed e-con e-child\" data-id=\"fb7e1cf\" data-element_type=\"container\" data-e-type=\"container\">\n\t\t\t\t\t<div class=\"e-con-inner\">\n\t\t\t\t<div class=\"elementor-element elementor-element-550ae977 elementor-widget elementor-widget-heading\" data-id=\"550ae977\" data-element_type=\"widget\" data-e-type=\"widget\" data-widget_type=\"heading.default\">\n\t\t\t\t<div class=\"elementor-widget-container\">\n\t\t\t\t\t<h2 class=\"elementor-heading-title elementor-size-default\">Nos offre d'emplois<\/h2>\t\t\t\t<\/div>\n\t\t\t\t<\/div>\n\t\t\t\t\t<\/div>\n\t\t\t\t<\/div>\n\t\t\t\t<\/div>\n\t\t\t\t\t<\/div>\n\t\t\t\t<\/div>\n\t\t<div class=\"elementor-element elementor-element-6b23a93 e-flex e-con-boxed e-con e-parent\" data-id=\"6b23a93\" data-element_type=\"container\" data-e-type=\"container\">\n\t\t\t\t\t<div class=\"e-con-inner\">\n\t\t<div class=\"elementor-element elementor-element-4b6ad0c e-con-full elementor-hidden-desktop elementor-hidden-tablet elementor-hidden-mobile e-flex e-con e-child\" data-id=\"4b6ad0c\" data-element_type=\"container\" data-e-type=\"container\">\n\t\t\t\t<div class=\"elementor-element elementor-element-4e360ed elementor-posts__hover-none elementor-grid-3 elementor-grid-tablet-2 elementor-grid-mobile-1 elementor-posts--thumbnail-top elementor-widget elementor-widget-posts\" data-id=\"4e360ed\" data-element_type=\"widget\" data-e-type=\"widget\" data-settings=\"{&quot;cards_row_gap&quot;:{&quot;unit&quot;:&quot;px&quot;,&quot;size&quot;:80,&quot;sizes&quot;:[]},&quot;cards_row_gap_tablet&quot;:{&quot;unit&quot;:&quot;px&quot;,&quot;size&quot;:71,&quot;sizes&quot;:[]},&quot;cards_row_gap_mobile&quot;:{&quot;unit&quot;:&quot;px&quot;,&quot;size&quot;:30,&quot;sizes&quot;:[]},&quot;cards_columns&quot;:&quot;3&quot;,&quot;cards_columns_tablet&quot;:&quot;2&quot;,&quot;cards_columns_mobile&quot;:&quot;1&quot;}\" data-widget_type=\"posts.cards\">\n\t\t\t\t<div class=\"elementor-widget-container\">\n\t\t\t\t\t\t\t<div class=\"elementor-posts-container elementor-posts elementor-posts--skin-cards elementor-grid\" role=\"list\">\n\t\t\t\t<article class=\"elementor-post elementor-grid-item post-1960 post type-post status-publish format-standard hentry category-non-classe\" role=\"listitem\">\n\t\t\t<div class=\"elementor-post__card\">\n\t\t\t\t<div class=\"elementor-post__text\">\n\t\t\t\t<h4 class=\"elementor-post__title\">\n\t\t\t<a href=\"https:\/\/neodyme.nc\/index.php\/2024\/12\/11\/ingenieur-nouvelle-caledonie\/\" >\n\t\t\t\tIng\u00e9nieur Nouvelle Cal\u00e9donie\t\t\t<\/a>\n\t\t<\/h4>\n\t\t\t\t<div class=\"elementor-post__excerpt\">\n\t\t\t<p>Ing\u00e9nieur Environnement Nouvelle Cal\u00e9donie Noumea CDI &#8211; 38,5h hebdomadaire D\u00e8s que possible Ajouter la description ici Partager: Candidature spontan\u00e9e Nous<\/p>\n\t\t<\/div>\n\t\t\n\t\t<a class=\"elementor-post__read-more\" href=\"https:\/\/neodyme.nc\/index.php\/2024\/12\/11\/ingenieur-nouvelle-caledonie\/\" aria-label=\"En savoir plus sur Ing\u00e9nieur Nouvelle Cal\u00e9donie\" tabindex=\"-1\" >\n\t\t\tApply\t\t<\/a>\n\n\t\t\t\t<\/div>\n\t\t\t\t\t<\/div>\n\t\t<\/article>\n\t\t\t\t<article class=\"elementor-post elementor-grid-item post-1376 post type-post status-publish format-standard hentry category-non-classe\" role=\"listitem\">\n\t\t\t<div class=\"elementor-post__card\">\n\t\t\t\t<div class=\"elementor-post__text\">\n\t\t\t\t<h4 class=\"elementor-post__title\">\n\t\t\t<a href=\"https:\/\/neodyme.nc\/index.php\/2024\/12\/05\/ingenieur-environnement-photovoltaique-tours-h-f\/\" >\n\t\t\t\tIng\u00e9nieur Environnement \u2013 Photovolta\u00efque \u2013 Tours (H\/F)\t\t\t<\/a>\n\t\t<\/h4>\n\t\t\t\t<div class=\"elementor-post__excerpt\">\n\t\t\t<p>Ing\u00e9nieur Environnement \u2013 Photovolta\u00efque \u2013 Tours (H\/F) Lyon (69) CDI &#8211; 38,5h hebdomadaire D\u00e8s que possible Description Partager: Candidature spontan\u00e9e<\/p>\n\t\t<\/div>\n\t\t\n\t\t<a class=\"elementor-post__read-more\" href=\"https:\/\/neodyme.nc\/index.php\/2024\/12\/05\/ingenieur-environnement-photovoltaique-tours-h-f\/\" aria-label=\"En savoir plus sur Ing\u00e9nieur Environnement \u2013 Photovolta\u00efque \u2013 Tours (H\/F)\" tabindex=\"-1\" >\n\t\t\tApply\t\t<\/a>\n\n\t\t\t\t<\/div>\n\t\t\t\t\t<\/div>\n\t\t<\/article>\n\t\t\t\t<\/div>\n\t\t\n\t\t\t\t\t\t<\/div>\n\t\t\t\t<\/div>\n\t\t\t\t<div class=\"elementor-element elementor-element-e1a587c elementor-widget elementor-widget-spacer\" data-id=\"e1a587c\" data-element_type=\"widget\" data-e-type=\"widget\" data-widget_type=\"spacer.default\">\n\t\t\t\t<div class=\"elementor-widget-container\">\n\t\t\t\t\t\t\t<div class=\"elementor-spacer\">\n\t\t\t<div class=\"elementor-spacer-inner\"><\/div>\n\t\t<\/div>\n\t\t\t\t\t\t<\/div>\n\t\t\t\t<\/div>\n\t\t\t\t<\/div>\n\t\t\t\t\t<\/div>\n\t\t\t\t<\/div>\n\t\t<div class=\"elementor-element elementor-element-613b488 e-flex e-con-boxed e-con e-parent\" data-id=\"613b488\" data-element_type=\"container\" data-e-type=\"container\" data-settings=\"{&quot;background_background&quot;:&quot;classic&quot;}\">\n\t\t\t\t\t<div class=\"e-con-inner\">\n\t\t<div class=\"elementor-element elementor-element-493e70f e-con-full e-flex e-con e-child\" data-id=\"493e70f\" data-element_type=\"container\" data-e-type=\"container\" data-settings=\"{&quot;background_background&quot;:&quot;classic&quot;}\">\n\t\t<div class=\"elementor-element elementor-element-d055055 e-con-full e-flex e-con e-child\" data-id=\"d055055\" data-element_type=\"container\" data-e-type=\"container\">\n\t\t\t\t<div class=\"elementor-element elementor-element-2155fb7 elementor-widget elementor-widget-icon-box\" data-id=\"2155fb7\" data-element_type=\"widget\" data-e-type=\"widget\" data-widget_type=\"icon-box.default\">\n\t\t\t\t<div class=\"elementor-widget-container\">\n\t\t\t\t\t\t\t<div class=\"elementor-icon-box-wrapper\">\n\n\t\t\t\n\t\t\t\t\t\t<div class=\"elementor-icon-box-content\">\n\n\t\t\t\t\t\t\t\t\t<h2 class=\"elementor-icon-box-title\">\n\t\t\t\t\t\t<span  >\n\t\t\t\t\t\t\tCandidature spontan\u00e9e\t\t\t\t\t\t<\/span>\n\t\t\t\t\t<\/h2>\n\t\t\t\t\n\t\t\t\t\t\t\t\t\t<p class=\"elementor-icon-box-description\">\n\t\t\t\t\t\tNous sommes toujours \u00e0 la recherche de personnes passionn\u00e9es et talentueuses pour rejoindre notre \u00e9quipe. Si vous ne trouvez pas un poste correspondant \u00e0 vos comp\u00e9tences, n'h\u00e9sitez pas \u00e0 envoyer une candidature spontan\u00e9e. Faites-nous savoir comment vous pouvez contribuer \u00e0 notre succ\u00e8s !\t\t\t\t\t<\/p>\n\t\t\t\t\n\t\t\t<\/div>\n\t\t\t\n\t\t<\/div>\n\t\t\t\t\t\t<\/div>\n\t\t\t\t<\/div>\n\t\t\t\t<div class=\"elementor-element elementor-element-2bb3edb elementor-button-align-end elementor-mobile-button-align-center elementor-widget elementor-widget-form\" data-id=\"2bb3edb\" data-element_type=\"widget\" data-e-type=\"widget\" data-settings=\"{&quot;step_next_label&quot;:&quot;Suivant&quot;,&quot;step_previous_label&quot;:&quot;Pr\\u00e9c\\u00e9dent&quot;,&quot;button_width&quot;:&quot;100&quot;,&quot;step_type&quot;:&quot;number_text&quot;,&quot;step_icon_shape&quot;:&quot;circle&quot;}\" data-widget_type=\"form.default\">\n\t\t\t\t<div class=\"elementor-widget-container\">\n\t\t\t\t\t\t\t<form class=\"elementor-form\" method=\"post\" name=\"New Form\" aria-label=\"New Form\">\n\t\t\t<input type=\"hidden\" name=\"post_id\" value=\"1355\"\/>\n\t\t\t<input type=\"hidden\" name=\"form_id\" value=\"2bb3edb\"\/>\n\t\t\t<input type=\"hidden\" name=\"referer_title\" value=\"Nos offre d&#039;emplois - N\u00e9odyme Nouvelle-Cal\u00e9donie\" \/>\n\n\t\t\t\t\t\t\t<input type=\"hidden\" name=\"queried_id\" value=\"1355\"\/>\n\t\t\t\n\t\t\t<div class=\"elementor-form-fields-wrapper elementor-labels-\">\n\t\t\t\t\t\t\t\t<div class=\"elementor-field-type-text elementor-field-group elementor-column elementor-field-group-name elementor-col-50\">\n\t\t\t\t\t\t\t\t\t\t\t\t<label for=\"form-field-name\" class=\"elementor-field-label elementor-screen-only\">\n\t\t\t\t\t\t\t\tPr\u00e9nom\t\t\t\t\t\t\t<\/label>\n\t\t\t\t\t\t\t\t\t\t\t\t\t\t<input size=\"1\" type=\"text\" name=\"form_fields[name]\" id=\"form-field-name\" class=\"elementor-field elementor-size-sm  elementor-field-textual\" placeholder=\"Pr\u00e9nom\">\n\t\t\t\t\t\t\t\t\t\t\t<\/div>\n\t\t\t\t\t\t\t\t<div class=\"elementor-field-type-text elementor-field-group elementor-column elementor-field-group-field_5e63ec7 elementor-col-50\">\n\t\t\t\t\t\t\t\t\t\t\t\t<label for=\"form-field-field_5e63ec7\" class=\"elementor-field-label elementor-screen-only\">\n\t\t\t\t\t\t\t\tNom\t\t\t\t\t\t\t<\/label>\n\t\t\t\t\t\t\t\t\t\t\t\t\t\t<input size=\"1\" type=\"text\" name=\"form_fields[field_5e63ec7]\" id=\"form-field-field_5e63ec7\" class=\"elementor-field elementor-size-sm  elementor-field-textual\" placeholder=\"Nom\">\n\t\t\t\t\t\t\t\t\t\t\t<\/div>\n\t\t\t\t\t\t\t\t<div class=\"elementor-field-type-tel elementor-field-group elementor-column elementor-field-group-field_f5f1e1b elementor-col-50\">\n\t\t\t\t\t\t\t\t\t\t\t\t<label for=\"form-field-field_f5f1e1b\" class=\"elementor-field-label elementor-screen-only\">\n\t\t\t\t\t\t\t\tNum\u00e9ro de t\u00e9l\u00e9phone\t\t\t\t\t\t\t<\/label>\n\t\t\t\t\t\t\t\t<input size=\"1\" type=\"tel\" name=\"form_fields[field_f5f1e1b]\" id=\"form-field-field_f5f1e1b\" class=\"elementor-field elementor-size-sm  elementor-field-textual\" placeholder=\"Num\u00e9ro de t\u00e9l\u00e9phone\" pattern=\"[0-9()#&amp;+*-=.]+\" title=\"Seuls les caract\u00e8res de num\u00e9ros de t\u00e9l\u00e9phone (#, -, *, etc.) sont accept\u00e9s.\">\n\n\t\t\t\t\t\t<\/div>\n\t\t\t\t\t\t\t\t<div class=\"elementor-field-type-email elementor-field-group elementor-column elementor-field-group-email elementor-col-50 elementor-field-required\">\n\t\t\t\t\t\t\t\t\t\t\t\t<label for=\"form-field-email\" class=\"elementor-field-label elementor-screen-only\">\n\t\t\t\t\t\t\t\tEmail \t\t\t\t\t\t\t<\/label>\n\t\t\t\t\t\t\t\t\t\t\t\t\t\t<input size=\"1\" type=\"email\" name=\"form_fields[email]\" id=\"form-field-email\" class=\"elementor-field elementor-size-sm  elementor-field-textual\" placeholder=\"Email \" required=\"required\">\n\t\t\t\t\t\t\t\t\t\t\t<\/div>\n\t\t\t\t\t\t\t\t<div class=\"elementor-field-type-textarea elementor-field-group elementor-column elementor-field-group-message elementor-col-100\">\n\t\t\t\t\t\t\t\t\t\t\t\t<label for=\"form-field-message\" class=\"elementor-field-label elementor-screen-only\">\n\t\t\t\t\t\t\t\tMessage\t\t\t\t\t\t\t<\/label>\n\t\t\t\t\t\t<textarea class=\"elementor-field-textual elementor-field  elementor-size-sm\" name=\"form_fields[message]\" id=\"form-field-message\" rows=\"4\" placeholder=\"Message\"><\/textarea>\t\t\t\t<\/div>\n\t\t\t\t\t\t\t\t<div class=\"elementor-field-type-html elementor-field-group elementor-column elementor-field-group-field_a678a6d elementor-col-100\">\n\t\t\t\t\tThis site is protected by reCAPTCHA and the Google\n    <a href=\"https:\/\/policies.google.com\/privacy\">Privacy Policy<\/a> and\n    <a href=\"https:\/\/policies.google.com\/terms\">Terms of Service<\/a> apply.\t\t\t\t<\/div>\n\t\t\t\t\t\t\t\t<div class=\"elementor-field-type-recaptcha_v3 elementor-field-group elementor-column elementor-field-group-field_6bc067f elementor-col-100 recaptcha_v3-bottomright\">\n\t\t\t\t\t<div class=\"elementor-field\" id=\"form-field-field_6bc067f\"><div class=\"elementor-g-recaptcha\" data-sitekey=\"6Lc6AZIqAAAAAN8Mqx56eQEBKATASVdW1zvSVcfi\" data-type=\"v3\" data-action=\"Form\" data-badge=\"bottomright\" data-size=\"invisible\"><\/div><\/div>\t\t\t\t<\/div>\n\t\t\t\t\t\t\t\t<div class=\"elementor-field-group elementor-column elementor-field-type-submit elementor-col-100 e-form__buttons\">\n\t\t\t\t\t<button class=\"elementor-button elementor-size-md elementor-animation-grow\" type=\"submit\">\n\t\t\t\t\t\t<span class=\"elementor-button-content-wrapper\">\n\t\t\t\t\t\t\t\t\t\t\t\t\t\t\t\t\t\t\t\t\t\t<span class=\"elementor-button-text\">Envoyer<\/span>\n\t\t\t\t\t\t\t\t\t\t\t\t\t<\/span>\n\t\t\t\t\t<\/button>\n\t\t\t\t<\/div>\n\t\t\t<\/div>\n\t\t<\/form>\n\t\t\t\t\t\t<\/div>\n\t\t\t\t<\/div>\n\t\t\t\t<\/div>\n\t\t\t\t<\/div>\n\t\t\t\t\t<\/div>\n\t\t\t\t<\/div>\n\t\t\t\t<\/div>\n\t\t","protected":false},"excerpt":{"rendered":"<p>Nos offre d&#8217;emplois Candidature spontan\u00e9e Nous sommes toujours \u00e0 la recherche de personnes passionn\u00e9es et talentueuses pour rejoindre notre \u00e9quipe. Si vous ne trouvez pas un poste correspondant \u00e0 vos comp\u00e9tences, n&rsquo;h\u00e9sitez pas \u00e0 envoyer une candidature spontan\u00e9e. Faites-nous savoir comment vous pouvez contribuer \u00e0 notre succ\u00e8s !<\/p>\n","protected":false},"author":1,"featured_media":1757,"parent":0,"menu_order":0,"comment_status":"closed","ping_status":"closed","template":"","meta":{"footnotes":""},"class_list":["post-1355","page","type-page","status-publish","has-post-thumbnail","hentry"],"yoast_head":"<!-- This site is optimized with the Yoast SEO plugin v27.4 - https:\/\/yoast.com\/product\/yoast-seo-wordpress\/ -->\n<title>Nos offre d&#039;emplois - N\u00e9odyme Nouvelle-Cal\u00e9donie<\/title>\n<meta name=\"description\" content=\"D\u00e9couvrez nos offres ou envoyez une candidature spontan\u00e9e pour contribuer \u00e0 des projets innovants en environnement, s\u00e9curit\u00e9 et ing\u00e9nierie.\" \/>\n<meta name=\"robots\" content=\"index, follow, max-snippet:-1, max-image-preview:large, max-video-preview:-1\" \/>\n<link rel=\"canonical\" href=\"https:\/\/neodyme.nc\/index.php\/nos-offre-d-emplois\/\" \/>\n<meta property=\"og:locale\" content=\"fr_FR\" \/>\n<meta property=\"og:type\" content=\"article\" \/>\n<meta property=\"og:title\" content=\"Nos offre d&#039;emplois - N\u00e9odyme Nouvelle-Cal\u00e9donie\" \/>\n<meta property=\"og:description\" content=\"D\u00e9couvrez nos offres ou envoyez une candidature spontan\u00e9e pour contribuer \u00e0 des projets innovants en environnement, s\u00e9curit\u00e9 et ing\u00e9nierie.\" \/>\n<meta property=\"og:url\" content=\"https:\/\/neodyme.nc\/index.php\/nos-offre-d-emplois\/\" \/>\n<meta property=\"og:site_name\" content=\"N\u00e9odyme Nouvelle-Cal\u00e9donie\" \/>\n<meta property=\"article:modified_time\" content=\"2025-03-11T00:32:55+00:00\" \/>\n<meta property=\"og:image\" content=\"https:\/\/neodyme.nc\/wp-content\/uploads\/2024\/12\/12.5x10-scaled.webp\" \/>\n\t<meta property=\"og:image:width\" content=\"1920\" \/>\n\t<meta property=\"og:image:height\" content=\"768\" \/>\n\t<meta property=\"og:image:type\" content=\"image\/webp\" \/>\n<meta name=\"twitter:card\" content=\"summary_large_image\" \/>\n<meta name=\"twitter:label1\" content=\"Dur\u00e9e de lecture estim\u00e9e\" \/>\n\t<meta name=\"twitter:data1\" content=\"1 minute\" \/>\n<script type=\"application\/ld+json\" class=\"yoast-schema-graph\">{\"@context\":\"https:\\\/\\\/schema.org\",\"@graph\":[{\"@type\":\"WebPage\",\"@id\":\"https:\\\/\\\/neodyme.nc\\\/index.php\\\/nos-offre-d-emplois\\\/\",\"url\":\"https:\\\/\\\/neodyme.nc\\\/index.php\\\/nos-offre-d-emplois\\\/\",\"name\":\"Nos offre d'emplois - N\u00e9odyme Nouvelle-Cal\u00e9donie\",\"isPartOf\":{\"@id\":\"https:\\\/\\\/neodyme.nc\\\/#website\"},\"primaryImageOfPage\":{\"@id\":\"https:\\\/\\\/neodyme.nc\\\/index.php\\\/nos-offre-d-emplois\\\/#primaryimage\"},\"image\":{\"@id\":\"https:\\\/\\\/neodyme.nc\\\/index.php\\\/nos-offre-d-emplois\\\/#primaryimage\"},\"thumbnailUrl\":\"https:\\\/\\\/neodyme.nc\\\/wp-content\\\/uploads\\\/2024\\\/12\\\/12.5x10-scaled.webp\",\"datePublished\":\"2024-12-05T08:23:03+00:00\",\"dateModified\":\"2025-03-11T00:32:55+00:00\",\"description\":\"D\u00e9couvrez nos offres ou envoyez une candidature spontan\u00e9e pour contribuer \u00e0 des projets innovants en environnement, s\u00e9curit\u00e9 et ing\u00e9nierie.\",\"breadcrumb\":{\"@id\":\"https:\\\/\\\/neodyme.nc\\\/index.php\\\/nos-offre-d-emplois\\\/#breadcrumb\"},\"inLanguage\":\"fr-FR\",\"potentialAction\":[{\"@type\":\"ReadAction\",\"target\":[\"https:\\\/\\\/neodyme.nc\\\/index.php\\\/nos-offre-d-emplois\\\/\"]}]},{\"@type\":\"ImageObject\",\"inLanguage\":\"fr-FR\",\"@id\":\"https:\\\/\\\/neodyme.nc\\\/index.php\\\/nos-offre-d-emplois\\\/#primaryimage\",\"url\":\"https:\\\/\\\/neodyme.nc\\\/wp-content\\\/uploads\\\/2024\\\/12\\\/12.5x10-scaled.webp\",\"contentUrl\":\"https:\\\/\\\/neodyme.nc\\\/wp-content\\\/uploads\\\/2024\\\/12\\\/12.5x10-scaled.webp\",\"width\":1920,\"height\":768,\"caption\":\"Conseil et Ing\u00e9nierie S\u00e9curit\u00e9, sant\u00e9, environnement et risques industriels\"},{\"@type\":\"BreadcrumbList\",\"@id\":\"https:\\\/\\\/neodyme.nc\\\/index.php\\\/nos-offre-d-emplois\\\/#breadcrumb\",\"itemListElement\":[{\"@type\":\"ListItem\",\"position\":1,\"name\":\"Accueil\",\"item\":\"https:\\\/\\\/neodyme.nc\\\/\"},{\"@type\":\"ListItem\",\"position\":2,\"name\":\"Nos offre d&#8217;emplois\"}]},{\"@type\":\"WebSite\",\"@id\":\"https:\\\/\\\/neodyme.nc\\\/#website\",\"url\":\"https:\\\/\\\/neodyme.nc\\\/\",\"name\":\"N\u00e9odyme Nouvelle-Cal\u00e9donie\",\"description\":\"Conseil et Ing\u00e9nierie\",\"publisher\":{\"@id\":\"https:\\\/\\\/neodyme.nc\\\/#organization\"},\"potentialAction\":[{\"@type\":\"SearchAction\",\"target\":{\"@type\":\"EntryPoint\",\"urlTemplate\":\"https:\\\/\\\/neodyme.nc\\\/?s={search_term_string}\"},\"query-input\":{\"@type\":\"PropertyValueSpecification\",\"valueRequired\":true,\"valueName\":\"search_term_string\"}}],\"inLanguage\":\"fr-FR\"},{\"@type\":\"Organization\",\"@id\":\"https:\\\/\\\/neodyme.nc\\\/#organization\",\"name\":\"N\u00e9odyme Nouvelle-Cal\u00e9donie\",\"url\":\"https:\\\/\\\/neodyme.nc\\\/\",\"logo\":{\"@type\":\"ImageObject\",\"inLanguage\":\"fr-FR\",\"@id\":\"https:\\\/\\\/neodyme.nc\\\/#\\\/schema\\\/logo\\\/image\\\/\",\"url\":\"https:\\\/\\\/neodyme.nc\\\/wp-content\\\/uploads\\\/2024\\\/11\\\/Logo-Neodyme-NC.webp\",\"contentUrl\":\"https:\\\/\\\/neodyme.nc\\\/wp-content\\\/uploads\\\/2024\\\/11\\\/Logo-Neodyme-NC.webp\",\"width\":1920,\"height\":847,\"caption\":\"N\u00e9odyme Nouvelle-Cal\u00e9donie\"},\"image\":{\"@id\":\"https:\\\/\\\/neodyme.nc\\\/#\\\/schema\\\/logo\\\/image\\\/\"}}]}<\/script>\n<!-- \/ Yoast SEO plugin. -->","yoast_head_json":{"title":"Nos offre d'emplois - N\u00e9odyme Nouvelle-Cal\u00e9donie","description":"D\u00e9couvrez nos offres ou envoyez une candidature spontan\u00e9e pour contribuer \u00e0 des projets innovants en environnement, s\u00e9curit\u00e9 et ing\u00e9nierie.","robots":{"index":"index","follow":"follow","max-snippet":"max-snippet:-1","max-image-preview":"max-image-preview:large","max-video-preview":"max-video-preview:-1"},"canonical":"https:\/\/neodyme.nc\/index.php\/nos-offre-d-emplois\/","og_locale":"fr_FR","og_type":"article","og_title":"Nos offre d'emplois - N\u00e9odyme Nouvelle-Cal\u00e9donie","og_description":"D\u00e9couvrez nos offres ou envoyez une candidature spontan\u00e9e pour contribuer \u00e0 des projets innovants en environnement, s\u00e9curit\u00e9 et ing\u00e9nierie.","og_url":"https:\/\/neodyme.nc\/index.php\/nos-offre-d-emplois\/","og_site_name":"N\u00e9odyme Nouvelle-Cal\u00e9donie","article_modified_time":"2025-03-11T00:32:55+00:00","og_image":[{"width":1920,"height":768,"url":"https:\/\/neodyme.nc\/wp-content\/uploads\/2024\/12\/12.5x10-scaled.webp","type":"image\/webp"}],"twitter_card":"summary_large_image","twitter_misc":{"Dur\u00e9e de lecture estim\u00e9e":"1 minute"},"schema":{"@context":"https:\/\/schema.org","@graph":[{"@type":"WebPage","@id":"https:\/\/neodyme.nc\/index.php\/nos-offre-d-emplois\/","url":"https:\/\/neodyme.nc\/index.php\/nos-offre-d-emplois\/","name":"Nos offre d'emplois - N\u00e9odyme Nouvelle-Cal\u00e9donie","isPartOf":{"@id":"https:\/\/neodyme.nc\/#website"},"primaryImageOfPage":{"@id":"https:\/\/neodyme.nc\/index.php\/nos-offre-d-emplois\/#primaryimage"},"image":{"@id":"https:\/\/neodyme.nc\/index.php\/nos-offre-d-emplois\/#primaryimage"},"thumbnailUrl":"https:\/\/neodyme.nc\/wp-content\/uploads\/2024\/12\/12.5x10-scaled.webp","datePublished":"2024-12-05T08:23:03+00:00","dateModified":"2025-03-11T00:32:55+00:00","description":"D\u00e9couvrez nos offres ou envoyez une candidature spontan\u00e9e pour contribuer \u00e0 des projets innovants en environnement, s\u00e9curit\u00e9 et ing\u00e9nierie.","breadcrumb":{"@id":"https:\/\/neodyme.nc\/index.php\/nos-offre-d-emplois\/#breadcrumb"},"inLanguage":"fr-FR","potentialAction":[{"@type":"ReadAction","target":["https:\/\/neodyme.nc\/index.php\/nos-offre-d-emplois\/"]}]},{"@type":"ImageObject","inLanguage":"fr-FR","@id":"https:\/\/neodyme.nc\/index.php\/nos-offre-d-emplois\/#primaryimage","url":"https:\/\/neodyme.nc\/wp-content\/uploads\/2024\/12\/12.5x10-scaled.webp","contentUrl":"https:\/\/neodyme.nc\/wp-content\/uploads\/2024\/12\/12.5x10-scaled.webp","width":1920,"height":768,"caption":"Conseil et Ing\u00e9nierie S\u00e9curit\u00e9, sant\u00e9, environnement et risques industriels"},{"@type":"BreadcrumbList","@id":"https:\/\/neodyme.nc\/index.php\/nos-offre-d-emplois\/#breadcrumb","itemListElement":[{"@type":"ListItem","position":1,"name":"Accueil","item":"https:\/\/neodyme.nc\/"},{"@type":"ListItem","position":2,"name":"Nos offre d&#8217;emplois"}]},{"@type":"WebSite","@id":"https:\/\/neodyme.nc\/#website","url":"https:\/\/neodyme.nc\/","name":"N\u00e9odyme Nouvelle-Cal\u00e9donie","description":"Conseil et Ing\u00e9nierie","publisher":{"@id":"https:\/\/neodyme.nc\/#organization"},"potentialAction":[{"@type":"SearchAction","target":{"@type":"EntryPoint","urlTemplate":"https:\/\/neodyme.nc\/?s={search_term_string}"},"query-input":{"@type":"PropertyValueSpecification","valueRequired":true,"valueName":"search_term_string"}}],"inLanguage":"fr-FR"},{"@type":"Organization","@id":"https:\/\/neodyme.nc\/#organization","name":"N\u00e9odyme Nouvelle-Cal\u00e9donie","url":"https:\/\/neodyme.nc\/","logo":{"@type":"ImageObject","inLanguage":"fr-FR","@id":"https:\/\/neodyme.nc\/#\/schema\/logo\/image\/","url":"https:\/\/neodyme.nc\/wp-content\/uploads\/2024\/11\/Logo-Neodyme-NC.webp","contentUrl":"https:\/\/neodyme.nc\/wp-content\/uploads\/2024\/11\/Logo-Neodyme-NC.webp","width":1920,"height":847,"caption":"N\u00e9odyme Nouvelle-Cal\u00e9donie"},"image":{"@id":"https:\/\/neodyme.nc\/#\/schema\/logo\/image\/"}}]}},"_links":{"self":[{"href":"https:\/\/neodyme.nc\/index.php\/wp-json\/wp\/v2\/pages\/1355","targetHints":{"allow":["GET"]}}],"collection":[{"href":"https:\/\/neodyme.nc\/index.php\/wp-json\/wp\/v2\/pages"}],"about":[{"href":"https:\/\/neodyme.nc\/index.php\/wp-json\/wp\/v2\/types\/page"}],"author":[{"embeddable":true,"href":"https:\/\/neodyme.nc\/index.php\/wp-json\/wp\/v2\/users\/1"}],"replies":[{"embeddable":true,"href":"https:\/\/neodyme.nc\/index.php\/wp-json\/wp\/v2\/comments?post=1355"}],"version-history":[{"count":0,"href":"https:\/\/neodyme.nc\/index.php\/wp-json\/wp\/v2\/pages\/1355\/revisions"}],"wp:featuredmedia":[{"embeddable":true,"href":"https:\/\/neodyme.nc\/index.php\/wp-json\/wp\/v2\/media\/1757"}],"wp:attachment":[{"href":"https:\/\/neodyme.nc\/index.php\/wp-json\/wp\/v2\/media?parent=1355"}],"curies":[{"name":"wp","href":"https:\/\/api.w.org\/{rel}","templated":true}]}}